{"id":27,"date":"2023-03-21T10:50:14","date_gmt":"2023-03-21T09:50:14","guid":{"rendered":"https:\/\/cercledesmediateursenvironnementauxetadministratifs.fr\/?page_id=27"},"modified":"2024-01-29T15:18:52","modified_gmt":"2024-01-29T14:18:52","slug":"accueil","status":"publish","type":"page","link":"https:\/\/cercledesmediateursenvironnementauxetadministratifs.fr\/?page_id=27","title":{"rendered":"Accueil"},"content":{"rendered":"\n<figure class=\"wp-block-image size-full\"><img loading=\"lazy\" decoding=\"async\" width=\"500\" height=\"166\" src=\"https:\/\/cercledesmediateursenvironnementauxetadministratifs.fr\/wp-content\/uploads\/2023\/03\/2-Logo-CMEA-approuve.png\" alt=\"\" class=\"wp-image-480\" srcset=\"https:\/\/cercledesmediateursenvironnementauxetadministratifs.fr\/wp-content\/uploads\/2023\/03\/2-Logo-CMEA-approuve.png 500w, https:\/\/cercledesmediateursenvironnementauxetadministratifs.fr\/wp-content\/uploads\/2023\/03\/2-Logo-CMEA-approuve-300x100.png 300w\" sizes=\"auto, (max-width: 500px) 100vw, 500px\" \/><\/figure>\n\n\n\n<p>est une association n\u00e9e le 17\/02\/2022 ( RNA n\u00b0W342006786 \u2013 Siret n\u00b0913\u00a0015\u00a0673\u00a000019 ) d&rsquo;une rencontre professionnelle entre Laure Singla, environnementaliste-expert et m\u00e9diateur, formateur aupr\u00e8s de l&rsquo;Association Nationale des M\u00e9diateurs et cinq membres experts et avocats qu&rsquo;elle forma entre 2020 et 2021.<\/p>\n\n\n\n<p>De cette rencontre est n\u00e9e en 2022 la premi\u00e8re association, asserment\u00e9e en 2024 aupr\u00e8s de la Cour d&rsquo;appel de Montpellier, ayant pour objet dans les domaines administratifs et environnementaux, de promouvoir et de maintenir \u00e0 un haut de niveau de qualit\u00e9 la m\u00e9diation, notamment en assurant les fonctions de :<\/p>\n\n\n\n<ul class=\"wp-block-list\">\n<li>Centre de m\u00e9diation juridictionnelle et conventionnelle,<\/li>\n\n\n\n<li>Centre de promotion, d\u00e9veloppement et diffusion (Analyse de pratiques, \u2026),<\/li>\n\n\n\n<li>Centre de r\u00e9flexion collective et de haut niveau nationale et internationale en groupe de professionnels (modes de pr\u00e9vention, gestion, r\u00e9solution, r\u00e8glement des conflits, litiges et diff\u00e9rends, pratique de la n\u00e9gociation, sous toutes ses formes&#8230;),<\/li>\n<\/ul>\n\n\n\n<p>Cette Association a \u00e9galement pour objet de :<\/p>\n\n\n\n<ul class=\"wp-block-list\">\n<li>Veiller au respect strict des conditions d\u2019exercice de ses m\u00e9diateurs en conformit\u00e9 avec l\u2019\u00e9thique et la d\u00e9ontologie,<\/li>\n<\/ul>\n\n\n\n<p>Repr\u00e9senter ses membres aupr\u00e8s des organismes et des autorit\u00e9s administratives et juridictionnelles.<\/p>\n\n\n\n<p>Le <strong>CME&amp;A<\/strong> se d\u00e9finit comme f\u00e9d\u00e9rateur, apolitique, et a souhait\u00e9 porter \u00e0 la connaissance des adh\u00e9rents, des juridictions et toute personne interress\u00e9e, <em>l&rsquo;ensemble des r\u00e9fl\u00e9xions li\u00e9es \u00e0 la pratique de la m\u00e9diation environnementale et administrative<\/em><\/p>\n\n\n\n<p>Le<strong> CME&amp;A<\/strong> souhaite porter ces r\u00e9flexions dans un esprit bienveillant, coh\u00e9rent et r\u00e9actif, afin de garantir la posture des adh\u00e9rents qui repr\u00e9sentent ses ambassadeurs aupr\u00e8s des juridictions nationales. Ainsi que du processus de m\u00e9diation d&rsquo;expertise en domaine complexe. Ces caract\u00e9ristiques particuli\u00e8res permettent d&rsquo;\u00e9lever les d\u00e9bats les plus techniques avec tous les interlocuteurs du CME&amp;A dans un cadre serein et totalement confidentiel.<\/p>\n\n\n\n<p><\/p>\n\n\n\n<div class=\"wp-block-group\"><div class=\"wp-block-group__inner-container is-layout-constrained wp-block-group-is-layout-constrained\">\n<div data-wp-interactive=\"core\/file\" class=\"wp-block-file\"><object data-wp-bind--hidden=\"!state.hasPdfPreview\" hidden class=\"wp-block-file__embed\" data=\"https:\/\/cercledesmediateursenvironnementauxetadministratifs.fr\/wp-content\/uploads\/2023\/03\/17012022-Statuts-CMEA-Signe-4.pdf\" type=\"application\/pdf\" style=\"width:100%;height:200px\" aria-label=\"Contenu embarqu\u00e9 17012022-Statuts-CMEA-Signe-4.\"><\/object><a id=\"wp-block-file--media-3eca9686-7fea-4775-a258-890768036b26\" href=\"https:\/\/cercledesmediateursenvironnementauxetadministratifs.fr\/wp-content\/uploads\/2023\/03\/17012022-Statuts-CMEA-Signe-4.pdf\">17012022-Statuts-CMEA-Signe-4<\/a><a href=\"https:\/\/cercledesmediateursenvironnementauxetadministratifs.fr\/wp-content\/uploads\/2023\/03\/17012022-Statuts-CMEA-Signe-4.pdf\" class=\"wp-block-file__button wp-element-button\" download aria-describedby=\"wp-block-file--media-3eca9686-7fea-4775-a258-890768036b26\">T\u00e9l\u00e9charger<\/a><\/div>\n<\/div><\/div>\n","protected":false},"excerpt":{"rendered":"<p>est une association n\u00e9e le 17\/02\/2022 ( RNA n\u00b0W342006786 \u2013 Siret n\u00b0913\u00a0015\u00a0673\u00a000019 ) d&rsquo;une rencontre professionnelle entre Laure Singla, environnementaliste-expert et m\u00e9diateur, formateur aupr\u00e8s de l&rsquo;Association Nationale des M\u00e9diateurs et cinq membres experts et avocats qu&rsquo;elle forma entre 2020 et 2021. De cette rencontre est n\u00e9e en 2022 la premi\u00e8re association, asserment\u00e9e en 2024 aupr\u00e8s [&hellip;]<\/p>\n","protected":false},"author":1,"featured_media":0,"parent":0,"menu_order":0,"comment_status":"closed","ping_status":"closed","template":"","meta":{"footnotes":""},"class_list":["post-27","page","type-page","status-publish","hentry"],"_links":{"self":[{"href":"https:\/\/cercledesmediateursenvironnementauxetadministratifs.fr\/index.php?rest_route=\/wp\/v2\/pages\/27","targetHints":{"allow":["GET"]}}],"collection":[{"href":"https:\/\/cercledesmediateursenvironnementauxetadministratifs.fr\/index.php?rest_route=\/wp\/v2\/pages"}],"about":[{"href":"https:\/\/cercledesmediateursenvironnementauxetadministratifs.fr\/index.php?rest_route=\/wp\/v2\/types\/page"}],"author":[{"embeddable":true,"href":"https:\/\/cercledesmediateursenvironnementauxetadministratifs.fr\/index.php?rest_route=\/wp\/v2\/users\/1"}],"replies":[{"embeddable":true,"href":"https:\/\/cercledesmediateursenvironnementauxetadministratifs.fr\/index.php?rest_route=%2Fwp%2Fv2%2Fcomments&post=27"}],"version-history":[{"count":11,"href":"https:\/\/cercledesmediateursenvironnementauxetadministratifs.fr\/index.php?rest_route=\/wp\/v2\/pages\/27\/revisions"}],"predecessor-version":[{"id":618,"href":"https:\/\/cercledesmediateursenvironnementauxetadministratifs.fr\/index.php?rest_route=\/wp\/v2\/pages\/27\/revisions\/618"}],"wp:attachment":[{"href":"https:\/\/cercledesmediateursenvironnementauxetadministratifs.fr\/index.php?rest_route=%2Fwp%2Fv2%2Fmedia&parent=27"}],"curies":[{"name":"wp","href":"https:\/\/api.w.org\/{rel}","templated":true}]}}