{"id":29,"date":"2023-03-21T10:50:14","date_gmt":"2023-03-21T09:50:14","guid":{"rendered":"https:\/\/cercledesmediateursenvironnementauxetadministratifs.fr\/?page_id=29"},"modified":"2025-06-25T15:26:58","modified_gmt":"2025-06-25T13:26:58","slug":"contact","status":"publish","type":"page","link":"https:\/\/cercledesmediateursenvironnementauxetadministratifs.fr\/?page_id=29","title":{"rendered":"Adh\u00e9sion et contact"},"content":{"rendered":"\n<p class=\"has-colibri-color-1-color has-text-color has-link-color wp-elements-8a3606aaacf038e3ff61c95236ac6271\"><strong>Cellule Adh\u00e9sion <\/strong><\/p>\n\n\n\n<p><strong><em>Pour le renouvellement d&rsquo;adh\u00e9sion:<\/em><\/strong> vous pouvez adh\u00e9rer d\u00e9sormais en ligne sur helloasso.fr en cliquant sur le lien suivant : <a href=\"https:\/\/www.helloasso.com\/associations\/cercle-des-mediateurs-environnementaux-et-administratifs\/adhesions\/adhesion-2025\/widget\">https:\/\/www.helloasso.com\/associations\/cercle-des-mediateurs-environnementaux-et-administratifs\/adhesions\/adhesion-2025\/widget<\/a><\/p>\n\n\n\n<p class=\"has-colibri-color-6-color has-text-color has-link-color wp-elements-c9b0103eaffc59059653b84218c6de33\"><strong><em>Pour la premi\u00e8re adh\u00e9sion <\/em>:<\/strong> vous devez pr\u00e9alablement t\u00e9l\u00e9charger le pr\u00e9sent formulaire, le remplir et le transmettre avec vos pi\u00e8ces \u00e0 : <a href=\"mailto:adhesion.cmea@gmail.com\" target=\"_blank\" rel=\"noreferrer noopener\"><strong>adhesion.cmea@gmail.com<\/strong><\/a>. Une fois votre adh\u00e9sion valid\u00e9e par la Cellule, vous pourrez adh\u00e9rer en ligne sur Helloasso.fr <a href=\"https:\/\/www.helloasso.com\/associations\/cercle-des-mediateurs-environnementaux-et-administratifs\/adhesions\/adhesion-2025\/widget\">https:\/\/www.helloasso.com\/associations\/cercle-des-mediateurs-environnementaux-et-administratifs\/adhesions\/adhesion-2025\/widget<\/a><\/p>\n\n\n\n<p class=\"has-colibri-color-1-color has-text-color has-link-color wp-elements-26ffb9f1b499d2288953830f62fa9be9\">&nbsp; <br><strong>Cellule Secr\u00e9tariat\/Pr\u00e9sidence <\/strong><\/p>\n\n\n\n<p class=\"has-colibri-color-6-color has-text-color has-link-color wp-elements-4e848db24f37e2aba20694e106f96bf5\">Toute correspondance peut \u00eatre adress\u00e9e aux adresses mail : <a href=\"mailto:contact.cmea@gmail.com\" target=\"_blank\" rel=\"noreferrer noopener\"><strong>contact.cmea@gmail.com<\/strong><\/a>&nbsp; &nbsp; ou <strong>cercledesmediateursenvir.adm@gmail.com<\/strong><\/p>\n\n\n\n<p class=\"has-colibri-color-1-color has-text-color has-link-color wp-elements-79fbd81ac2accf1500d3fa6c43d07d57\"><strong>Cellule Tr\u00e9sorier<\/strong><\/p>\n\n\n\n<p class=\"has-colibri-color-6-color has-text-color has-link-color wp-elements-88cb970da1bc8b38f5fa467f6f542519\"><strong>L&rsquo;adh\u00e9sion se fait d\u00e9sormais en ligne <\/strong>et toute correspondance doit \u00eatre adress\u00e9e \u00e0 l&rsquo;adresse mail : <strong>tresorier.cmea@gmail.com&nbsp; <\/strong><\/p>\n\n\n\n<p class=\"has-colibri-color-1-color has-text-color has-link-color wp-elements-c0faeee7fef96bc3dfe412cb97515564\"><strong>Contacts t\u00e9l\u00e9phoniques<\/strong> <strong>du Bureau <\/strong><\/p>\n\n\n\n<p class=\"has-colibri-color-6-color has-text-color\"><strong>T\u00e9l&nbsp;: 06 01 75 96 65 &#8211; 06 82 57 37 55 \u2013 06 27 07 12 52<\/strong><\/p>\n\n\n\n<p><\/p>\n","protected":false},"excerpt":{"rendered":"<p>Cellule Adh\u00e9sion Pour le renouvellement d&rsquo;adh\u00e9sion: vous pouvez adh\u00e9rer d\u00e9sormais en ligne sur helloasso.fr en cliquant sur le lien suivant : https:\/\/www.helloasso.com\/associations\/cercle-des-mediateurs-environnementaux-et-administratifs\/adhesions\/adhesion-2025\/widget Pour la premi\u00e8re adh\u00e9sion : vous devez pr\u00e9alablement t\u00e9l\u00e9charger le pr\u00e9sent formulaire, le remplir et le transmettre avec vos pi\u00e8ces \u00e0 : adhesion.cmea@gmail.com. Une fois votre adh\u00e9sion valid\u00e9e par la Cellule, vous pourrez [&hellip;]<\/p>\n","protected":false},"author":1,"featured_media":0,"parent":0,"menu_order":0,"comment_status":"closed","ping_status":"closed","template":"","meta":{"footnotes":""},"class_list":["post-29","page","type-page","status-publish","hentry"],"_links":{"self":[{"href":"https:\/\/cercledesmediateursenvironnementauxetadministratifs.fr\/index.php?rest_route=\/wp\/v2\/pages\/29","targetHints":{"allow":["GET"]}}],"collection":[{"href":"https:\/\/cercledesmediateursenvironnementauxetadministratifs.fr\/index.php?rest_route=\/wp\/v2\/pages"}],"about":[{"href":"https:\/\/cercledesmediateursenvironnementauxetadministratifs.fr\/index.php?rest_route=\/wp\/v2\/types\/page"}],"author":[{"embeddable":true,"href":"https:\/\/cercledesmediateursenvironnementauxetadministratifs.fr\/index.php?rest_route=\/wp\/v2\/users\/1"}],"replies":[{"embeddable":true,"href":"https:\/\/cercledesmediateursenvironnementauxetadministratifs.fr\/index.php?rest_route=%2Fwp%2Fv2%2Fcomments&post=29"}],"version-history":[{"count":17,"href":"https:\/\/cercledesmediateursenvironnementauxetadministratifs.fr\/index.php?rest_route=\/wp\/v2\/pages\/29\/revisions"}],"predecessor-version":[{"id":800,"href":"https:\/\/cercledesmediateursenvironnementauxetadministratifs.fr\/index.php?rest_route=\/wp\/v2\/pages\/29\/revisions\/800"}],"wp:attachment":[{"href":"https:\/\/cercledesmediateursenvironnementauxetadministratifs.fr\/index.php?rest_route=%2Fwp%2Fv2%2Fmedia&parent=29"}],"curies":[{"name":"wp","href":"https:\/\/api.w.org\/{rel}","templated":true}]}}