{"id":578,"date":"2023-03-30T09:57:08","date_gmt":"2023-03-30T07:57:08","guid":{"rendered":"https:\/\/cercledesmediateursenvironnementauxetadministratifs.fr\/?page_id=578"},"modified":"2026-02-04T10:40:14","modified_gmt":"2026-02-04T09:40:14","slug":"calendrier-des-manifestations","status":"publish","type":"page","link":"https:\/\/cercledesmediateursenvironnementauxetadministratifs.fr\/?page_id=578","title":{"rendered":"Formations et manifestations 2026"},"content":{"rendered":"\n<p>Toutes ces formations ont lieu <strong>en distancie<\/strong>l via une plateforme de visioconf\u00e9rence. <\/p>\n\n\n\n<p class=\"has-colibri-color-6-color has-text-color has-link-color wp-elements-2cc6bddf6dc2489eaad751dd06a4deba\">L&rsquo;inscription est obligatoire <strong>&nbsp;par hello asso. <\/strong>Vous recevrez une confirmation d&rsquo;inscription par email. <\/p>\n\n\n\n<p class=\"has-colibri-color-1-color has-text-color has-link-color wp-elements-f5b2859c5b195523833fd3c09d17dd62\"><\/p>\n\n\n\n<div data-wp-interactive=\"core\/file\" class=\"wp-block-file\"><object data-wp-bind--hidden=\"!state.hasPdfPreview\" hidden class=\"wp-block-file__embed\" data=\"https:\/\/cercledesmediateursenvironnementauxetadministratifs.fr\/wp-content\/uploads\/2026\/02\/2026-CMEA-Formations-et-tarifs.pdf\" type=\"application\/pdf\" style=\"width:100%;height:600px\" aria-label=\"Contenu embarqu\u00e9 2026-CME&amp;A- Formations et tarifs.\"><\/object><a id=\"wp-block-file--media-c55efba8-514d-4801-9d5b-3cbfb5350951\" href=\"https:\/\/cercledesmediateursenvironnementauxetadministratifs.fr\/wp-content\/uploads\/2026\/02\/2026-CMEA-Formations-et-tarifs.pdf\">2026-CME&#038;A- Formations et tarifs<\/a><a href=\"https:\/\/cercledesmediateursenvironnementauxetadministratifs.fr\/wp-content\/uploads\/2026\/02\/2026-CMEA-Formations-et-tarifs.pdf\" class=\"wp-block-file__button wp-element-button\" download aria-describedby=\"wp-block-file--media-c55efba8-514d-4801-9d5b-3cbfb5350951\">T\u00e9l\u00e9charger<\/a><\/div>\n\n\n\n<h2 class=\"wp-block-heading has-colibri-color-3-color has-text-color has-link-color wp-elements-dc4ee800b23a230f1d48ec79dea79600\">Liens directs pour adh\u00e9rer<\/h2>\n\n\n\n<p><\/p>\n\n\n\n<h2 class=\"wp-block-heading has-colibri-color-3-color has-text-color has-link-color wp-elements-db0fe1d374a807aea98b0bc42bf4f270\">Liens directs pour s&rsquo;inscrire aux formations<\/h2>\n\n\n\n<p class=\"has-colibri-color-6-color has-text-color has-link-color wp-elements-700f2b975df5cd3bbed9e19da9d836a3\">Les liens sont envoy\u00e9s uniquement par messagerie aux adh\u00e9rents \u00e0 jour de leur cotisation ayant pris les packs annuels <\/p>\n\n\n\n<p><\/p>\n","protected":false},"excerpt":{"rendered":"<p>Toutes ces formations ont lieu en distanciel via une plateforme de visioconf\u00e9rence. L&rsquo;inscription est obligatoire &nbsp;par hello asso. Vous recevrez une confirmation d&rsquo;inscription par email. Liens directs pour adh\u00e9rer Liens directs pour s&rsquo;inscrire aux formations Les liens sont envoy\u00e9s uniquement par messagerie aux adh\u00e9rents \u00e0 jour de leur cotisation ayant pris les packs annuels<\/p>\n","protected":false},"author":1,"featured_media":0,"parent":0,"menu_order":0,"comment_status":"closed","ping_status":"closed","template":"","meta":{"footnotes":""},"class_list":["post-578","page","type-page","status-publish","hentry"],"_links":{"self":[{"href":"https:\/\/cercledesmediateursenvironnementauxetadministratifs.fr\/index.php?rest_route=\/wp\/v2\/pages\/578","targetHints":{"allow":["GET"]}}],"collection":[{"href":"https:\/\/cercledesmediateursenvironnementauxetadministratifs.fr\/index.php?rest_route=\/wp\/v2\/pages"}],"about":[{"href":"https:\/\/cercledesmediateursenvironnementauxetadministratifs.fr\/index.php?rest_route=\/wp\/v2\/types\/page"}],"author":[{"embeddable":true,"href":"https:\/\/cercledesmediateursenvironnementauxetadministratifs.fr\/index.php?rest_route=\/wp\/v2\/users\/1"}],"replies":[{"embeddable":true,"href":"https:\/\/cercledesmediateursenvironnementauxetadministratifs.fr\/index.php?rest_route=%2Fwp%2Fv2%2Fcomments&post=578"}],"version-history":[{"count":48,"href":"https:\/\/cercledesmediateursenvironnementauxetadministratifs.fr\/index.php?rest_route=\/wp\/v2\/pages\/578\/revisions"}],"predecessor-version":[{"id":811,"href":"https:\/\/cercledesmediateursenvironnementauxetadministratifs.fr\/index.php?rest_route=\/wp\/v2\/pages\/578\/revisions\/811"}],"wp:attachment":[{"href":"https:\/\/cercledesmediateursenvironnementauxetadministratifs.fr\/index.php?rest_route=%2Fwp%2Fv2%2Fmedia&parent=578"}],"curies":[{"name":"wp","href":"https:\/\/api.w.org\/{rel}","templated":true}]}}