{"id":660,"date":"2024-04-15T13:41:23","date_gmt":"2024-04-15T11:41:23","guid":{"rendered":"https:\/\/cercledesmediateursenvironnementauxetadministratifs.fr\/?page_id=660"},"modified":"2026-02-23T15:29:03","modified_gmt":"2026-02-23T14:29:03","slug":"delegations-regionales","status":"publish","type":"page","link":"https:\/\/cercledesmediateursenvironnementauxetadministratifs.fr\/?page_id=660","title":{"rendered":"D\u00e9l\u00e9gations r\u00e9gionales- Annuaire national"},"content":{"rendered":"\n<p class=\"has-colibri-color-3-color has-midnight-gradient-background has-text-color has-background has-link-color wp-elements-1ad5423f738f4618fbdad0ae9754145c\"><strong>EUROPE <\/strong><\/p>\n\n\n\n<p class=\"has-colibri-color-1-color has-text-color has-link-color wp-elements-ec9f797527d2415a3eff4eb7c822c88a\"><strong>SUISSE<\/strong><\/p>\n\n\n\n<ul class=\"wp-block-list\">\n<li><strong>VYTHELINGUM Prisca<\/strong>, adh\u00e9rent\n<ul class=\"wp-block-list\">\n<li><strong>Contact:<\/strong> prisca@terdemaat.fr <\/li>\n\n\n\n<li><strong>Tel<\/strong> +33 6 83 82 28 92<\/li>\n<\/ul>\n<\/li>\n<\/ul>\n\n\n\n<ul class=\"wp-block-list\">\n<li><strong>SINGLA Laure<\/strong>, Pr\u00e9sidente d&rsquo;honneur, membre fondateur  \n<ul class=\"wp-block-list\">\n<li><strong>Contact<\/strong>: cabinetjurisecoconseil@protonmail.com<\/li>\n\n\n\n<li><strong>Tel<\/strong> + 33 6 01 75 96 65- +33 4 67 44 13 21<\/li>\n<\/ul>\n<\/li>\n<\/ul>\n\n\n\n<p><\/p>\n\n\n\n<p class=\"has-colibri-color-3-color has-midnight-gradient-background has-text-color has-background has-link-color wp-elements-95d30d30e60de96d665e785b017f9aec\"><strong>METROPOLE &amp; OUTREMER <\/strong><\/p>\n\n\n\n<div class=\"wp-block-columns is-layout-flex wp-container-core-columns-is-layout-9d6595d7 wp-block-columns-is-layout-flex\">\n<div class=\"wp-block-column is-layout-flow wp-block-column-is-layout-flow\" style=\"flex-basis:100%\">\n<p class=\"has-text-align-left has-colibri-color-1-color has-text-color has-link-color wp-elements-ccffda5a66368d0741076a666e0f8c6c\"><strong>ALSACE<\/strong><\/p>\n\n\n\n<ul class=\"wp-block-list\">\n<li><strong>MEYER Bernard<\/strong>, Pr\u00e9sident,  membre fondateur\n<ul class=\"wp-block-list\">\n<li><strong>Contact :<\/strong> b.meyer@aej-mediation.fr <strong>    <\/strong><\/li>\n\n\n\n<li><strong>Tel <\/strong> +33 6 82 57 37 55<\/li>\n<\/ul>\n<\/li>\n<\/ul>\n<\/div>\n<\/div>\n\n\n\n<p class=\"has-colibri-color-3-color has-text-color has-link-color wp-elements-e4d6d9ac4750e7795d9ae7c8f0759e87\"><\/p>\n\n\n\n<div class=\"wp-block-columns is-layout-flex wp-container-core-columns-is-layout-9d6595d7 wp-block-columns-is-layout-flex\">\n<div class=\"wp-block-column is-layout-flow wp-block-column-is-layout-flow\" style=\"flex-basis:100%\">\n<p class=\"has-text-align-left has-colibri-color-1-color has-text-color has-link-color wp-elements-a398d66ef44d46d378e1e20ca1e1f111\"><strong>AQUITAINE <\/strong><\/p>\n<\/div>\n<\/div>\n\n\n\n<ul class=\"wp-block-list\">\n<li><strong>LINYER Hugues <\/strong>adh\u00e9rent \n<ul class=\"wp-block-list\">\n<li><strong>Contact :<\/strong> hugues@123mediation.fr <\/li>\n\n\n\n<li><strong>Tel <\/strong>+33 5 46 09 13 02 ou 6 83 69 11 71\u00a0<\/li>\n<\/ul>\n<\/li>\n<\/ul>\n\n\n\n<p><\/p>\n\n\n\n<div class=\"wp-block-columns is-layout-flex wp-container-core-columns-is-layout-9d6595d7 wp-block-columns-is-layout-flex\">\n<div class=\"wp-block-column is-layout-flow wp-block-column-is-layout-flow\" style=\"flex-basis:100%\">\n<p class=\"has-text-align-left has-colibri-color-1-color has-text-color has-link-color wp-elements-590890159e2a00a52be902d3505e89e3\"><strong>AUVERGNE-RHONE ALPES<\/strong><\/p>\n<\/div>\n<\/div>\n\n\n\n<ul class=\"wp-block-list\">\n<li><strong>MELICH Sophie<\/strong>, Secr\u00e9taire, membre fondateur (<em>Gard, Vaucluse, Var<\/em>)\n<ul class=\"wp-block-list\">\n<li><strong>Contact : <\/strong>sophie.melich.mediateur@gmail.com <strong>   <\/strong><\/li>\n\n\n\n<li><strong>Tel <\/strong>: +33 6 27 07 12 52 <\/li>\n<\/ul>\n<\/li>\n<\/ul>\n\n\n\n<p><\/p>\n\n\n\n<ul class=\"wp-block-list\">\n<li><strong>SINGLA Laure,<\/strong> Pr\u00e9sidente d&rsquo;honneur, membre fondateur <em>(Aveyron- Cantal- Tarn- Gard-Vaucluse-Dr\u00f4me-Ard\u00e8che)<\/em>\n<ul class=\"wp-block-list\">\n<li><strong>Contact :<\/strong> cabinetjurisecoconseil@protonmail.com<\/li>\n\n\n\n<li><strong>Tel<\/strong> +33 6 01 75 96 65 &#8211; +33 4 67 44 13 21<\/li>\n<\/ul>\n<\/li>\n<\/ul>\n\n\n\n<p><\/p>\n\n\n\n<p><\/p>\n\n\n\n<div class=\"wp-block-columns is-layout-flex wp-container-core-columns-is-layout-9d6595d7 wp-block-columns-is-layout-flex\">\n<div class=\"wp-block-column is-layout-flow wp-block-column-is-layout-flow\" style=\"flex-basis:100%\">\n<p class=\"has-colibri-color-1-color has-text-color has-link-color wp-elements-6b8baab7f4fac466196cc39aa108f4dc\"><strong>BASSE NORMANDIE et HAUTE NORMANDIE <\/strong><\/p>\n\n\n\n<ul class=\"wp-block-list\">\n<li><strong>BEHETS Jean-Bernard, <\/strong>membre fondateur \n<ul class=\"wp-block-list\">\n<li><strong>Contact : <\/strong>jean-bernard.behets@wanadoo.fr <strong> <\/strong><\/li>\n\n\n\n<li><strong>Tel                                                                                   <\/strong><\/li>\n<\/ul>\n<\/li>\n<\/ul>\n<\/div>\n<\/div>\n\n\n\n<ul class=\"wp-block-list\">\n<li><strong>GOUDIN Clarisse<\/strong>, membre fondateur, tr\u00e9sori\u00e8re\n<ul class=\"wp-block-list\">\n<li><strong>Contact : <\/strong>goudin.avocat@gmail.com <\/li>\n\n\n\n<li><strong>Tel <\/strong>: +33 6 17 01 31 42<\/li>\n<\/ul>\n<\/li>\n<\/ul>\n\n\n\n<div class=\"wp-block-columns is-layout-flex wp-container-core-columns-is-layout-9d6595d7 wp-block-columns-is-layout-flex\">\n<div class=\"wp-block-column is-layout-flow wp-block-column-is-layout-flow\" style=\"flex-basis:100%\">\n<p><\/p>\n\n\n\n<p><\/p>\n\n\n\n<p class=\"has-text-align-left has-colibri-color-1-color has-text-color has-link-color wp-elements-871facecd88dfb66414a2500cbae7b63\"><strong>BOURGOGNE &amp; FRANCHE-COMTE<\/strong><\/p>\n\n\n\n<ul class=\"wp-block-list\">\n<li><strong>MEYER Bernard<\/strong>, Pr\u00e9sident, membre fondateur\n<ul class=\"wp-block-list\">\n<li><strong>Contact :<\/strong> b.meyer@aej-mediation.fr <strong> <\/strong><\/li>\n\n\n\n<li><strong>Tel <\/strong>+33 6 82 57 37 55<\/li>\n<\/ul>\n<\/li>\n<\/ul>\n<\/div>\n<\/div>\n\n\n\n<p class=\"has-colibri-color-1-color has-text-color has-link-color wp-elements-f5b2859c5b195523833fd3c09d17dd62\"><\/p>\n\n\n\n<div class=\"wp-block-columns is-layout-flex wp-container-core-columns-is-layout-9d6595d7 wp-block-columns-is-layout-flex\">\n<div class=\"wp-block-column is-layout-flow wp-block-column-is-layout-flow\" style=\"flex-basis:100%\">\n<p class=\"has-colibri-color-1-color has-text-color has-link-color wp-elements-ff1c4568a0dfbe8872dd6f5ebe81f8c1\"><strong>BRETAGNE<\/strong><\/p>\n<\/div>\n<\/div>\n\n\n\n<ul class=\"wp-block-list\">\n<li><strong>SINGLA Laure,<\/strong> membre fondateur, Pr\u00e9sidente d&rsquo;honneur \n<ul class=\"wp-block-list\">\n<li><strong>Contact: <\/strong>cabinetjurisecoconseil@protonmail.com<\/li>\n\n\n\n<li><strong>Tel <\/strong> + 33 6 01 75 96 65- +33 4 67 44 13 21<\/li>\n<\/ul>\n<\/li>\n<\/ul>\n\n\n\n<div class=\"wp-block-columns is-layout-flex wp-container-core-columns-is-layout-9d6595d7 wp-block-columns-is-layout-flex\">\n<div class=\"wp-block-column is-layout-flow wp-block-column-is-layout-flow\" style=\"flex-basis:100%\">\n<p class=\"has-colibri-color-1-color has-text-color has-link-color wp-elements-59e39b2d9e927145b15bd2f0a4153348\"><strong>CENTRE <\/strong><\/p>\n<\/div>\n<\/div>\n\n\n\n<ul class=\"wp-block-list\">\n<li><strong>SINGLA Laure<\/strong> Pr\u00e9sidente d&rsquo;honneur, membre fondateur <em>(  Aveyron, Cantal, Tarn)<\/em>\n<ul class=\"wp-block-list\">\n<li><strong>Contact<\/strong> : cabinetjurisecoconseil@protonmail.com<\/li>\n\n\n\n<li><strong>Tel<\/strong> +33 6 01 75 96 65- +33 4 67 44 13 21 <\/li>\n<\/ul>\n<\/li>\n<\/ul>\n\n\n\n<div class=\"wp-block-columns is-layout-flex wp-container-core-columns-is-layout-9d6595d7 wp-block-columns-is-layout-flex\">\n<div class=\"wp-block-column is-layout-flow wp-block-column-is-layout-flow\" style=\"flex-basis:100%\">\n<p class=\"has-colibri-color-1-color has-text-color has-link-color wp-elements-5c04f4dd30c717e6c8cf835d3fb67a96\"><strong>CHAMPAGNE-ARDENNES<\/strong><\/p>\n<\/div>\n<\/div>\n\n\n\n<ul class=\"wp-block-list\">\n<li><strong>MEYER Bernard, <\/strong>Pr\u00e9sident, membre fondateur\n<ul class=\"wp-block-list\">\n<li><strong>Contact<\/strong> : b.meyer@aej-mediation.fr <strong> <\/strong><\/li>\n\n\n\n<li><strong>Tel <\/strong>+33 6 82 57 37 55<\/li>\n<\/ul>\n<\/li>\n<\/ul>\n\n\n\n<p class=\"has-colibri-color-1-color has-text-color has-link-color wp-elements-c6aff696413bef2c843f8c21766bd00d\"><strong>CORSE <\/strong><\/p>\n\n\n\n<ul class=\"wp-block-list\">\n<li><strong>SAVELLI Carole<\/strong>, adh\u00e9rent\n<ul class=\"wp-block-list\">\n<li><strong>Contact <\/strong>: contact@mediationcorse.com <\/li>\n\n\n\n<li><strong>T\u00e9l\u00a0 <\/strong>+33 6 85 23 35 30 <\/li>\n<\/ul>\n<\/li>\n<\/ul>\n\n\n\n<p><\/p>\n\n\n\n<p><\/p>\n\n\n\n<p class=\"has-colibri-color-1-color has-text-color has-link-color wp-elements-5533ad1f46f46eff403e2f45b7e34573\"><strong>FRANCHE-COMTE <\/strong><\/p>\n\n\n\n<ul class=\"wp-block-list\">\n<li><strong>MEYER Bernard<\/strong>, Pr\u00e9sident, membre fondateur\n<ul class=\"wp-block-list\">\n<li><strong>Contact<\/strong> : b.meyer@aej-mediation.fr <strong> <\/strong><\/li>\n\n\n\n<li><strong>Tel <\/strong>+33 6 82 57 37 55<\/li>\n<\/ul>\n<\/li>\n<\/ul>\n\n\n\n<div class=\"wp-block-columns is-layout-flex wp-container-core-columns-is-layout-9d6595d7 wp-block-columns-is-layout-flex\">\n<div class=\"wp-block-column is-layout-flow wp-block-column-is-layout-flow\" style=\"flex-basis:100%\">\n<p class=\"has-colibri-color-1-color has-text-color has-link-color wp-elements-4eb0e6e1345e29ca03c91a14b244cb77\"><strong>GRAND EST<\/strong><\/p>\n\n\n\n<ul class=\"wp-block-list\">\n<li><strong>MEYER Bernard<\/strong>, Pr\u00e9sident, membre fondateur\n<ul class=\"wp-block-list\">\n<li><strong>Contact<\/strong> : b.meyer@aej-mediation.fr <strong> <\/strong><\/li>\n\n\n\n<li><strong>Tel <\/strong>+33 6 82 57 37 55<\/li>\n<\/ul>\n<\/li>\n<\/ul>\n<\/div>\n<\/div>\n\n\n\n<div class=\"wp-block-columns is-layout-flex wp-container-core-columns-is-layout-9d6595d7 wp-block-columns-is-layout-flex\">\n<div class=\"wp-block-column is-layout-flow wp-block-column-is-layout-flow\" style=\"flex-basis:100%\">\n<p class=\"has-colibri-color-1-color has-text-color has-link-color wp-elements-d4100497f7c5dbd5c8dc3bb54db27d9a\"><strong>GUADELOUPE<\/strong><\/p>\n<\/div>\n<\/div>\n\n\n\n<ul class=\"wp-block-list\">\n<li><strong>SINGLA Laure<\/strong>, membre fondateur, Pr\u00e9sidente d&rsquo;honneur \n<ul class=\"wp-block-list\">\n<li><strong>Contact: <\/strong>cabinetjurisecoconseil@protonmail.com<\/li>\n\n\n\n<li><strong>Tel <\/strong> + 33 6 01 75 96 65- +33 4 67 44 13 21<\/li>\n<\/ul>\n<\/li>\n<\/ul>\n\n\n\n<div class=\"wp-block-columns is-layout-flex wp-container-core-columns-is-layout-9d6595d7 wp-block-columns-is-layout-flex\">\n<div class=\"wp-block-column is-layout-flow wp-block-column-is-layout-flow\" style=\"flex-basis:100%\">\n<p class=\"has-colibri-color-1-color has-text-color has-link-color wp-elements-2918d68e56c840b2f3a193c6bae3f4ab\"><strong>GUYANE<\/strong><\/p>\n<\/div>\n<\/div>\n\n\n\n<ul class=\"wp-block-list\">\n<li><strong>SINGLA Laure<\/strong>, membre fondateur, Pr\u00e9sidente d&rsquo;honneur \n<ul class=\"wp-block-list\">\n<li><strong>Contact :<\/strong> cabinetjurisecoconseil@protonmail.com<\/li>\n\n\n\n<li><strong>Tel <\/strong> + 33 6 01 75 96 65- +33 4 67 44 13 21<\/li>\n<\/ul>\n<\/li>\n<\/ul>\n\n\n\n<div class=\"wp-block-columns is-layout-flex wp-container-core-columns-is-layout-9d6595d7 wp-block-columns-is-layout-flex\">\n<div class=\"wp-block-column is-layout-flow wp-block-column-is-layout-flow\" style=\"flex-basis:100%\">\n<p class=\"has-colibri-color-1-color has-text-color has-link-color wp-elements-f491c0d5e76c6d22958dd1fbfea3bc78\"><strong>HAUTS-DE-FRANCE<\/strong> &#8211;<strong> PARIS <\/strong><\/p>\n<\/div>\n<\/div>\n\n\n\n<ul class=\"wp-block-list\">\n<li><strong>DEREUX Micha\u00ebl <\/strong>adh\u00e9rent\n<ul class=\"wp-block-list\">\n<li><strong>Contact : <\/strong>michael.dereux@nordnet.fr <\/li>\n\n\n\n<li><strong>T\u00e9l <\/strong>+ 33 6 09 64 34 41<\/li>\n<\/ul>\n<\/li>\n\n\n\n<li><strong>GOUDIN Clarisse<\/strong>, membre fondateur, tr\u00e9sori\u00e8re\n<ul class=\"wp-block-list\">\n<li><strong>Contact : <\/strong>goudin.avocat@gmail.com<\/li>\n\n\n\n<li><strong>Tel <\/strong>: +33 6 17 01 31 42<\/li>\n<\/ul>\n<\/li>\n<\/ul>\n\n\n\n<div class=\"wp-block-columns is-layout-flex wp-container-core-columns-is-layout-9d6595d7 wp-block-columns-is-layout-flex\">\n<div class=\"wp-block-column is-layout-flow wp-block-column-is-layout-flow\" style=\"flex-basis:100%\">\n<p class=\"has-colibri-color-1-color has-text-color has-link-color wp-elements-f5b2859c5b195523833fd3c09d17dd62\"><\/p>\n<\/div>\n<\/div>\n\n\n\n<div class=\"wp-block-columns is-layout-flex wp-container-core-columns-is-layout-9d6595d7 wp-block-columns-is-layout-flex\">\n<div class=\"wp-block-column is-layout-flow wp-block-column-is-layout-flow\" style=\"flex-basis:100%\">\n<p class=\"has-colibri-color-1-color has-text-color has-link-color wp-elements-da02f4044a44f23690955ae0de3f6cec\"><strong>LA REUNION <\/strong><\/p>\n<\/div>\n<\/div>\n\n\n\n<ul class=\"wp-block-list\">\n<li><strong>SINGLA Laure<\/strong>, membre fondateur, Pr\u00e9sidente d&rsquo;honneur \n<ul class=\"wp-block-list\">\n<li><strong>Contact : <\/strong>cabinetjurisecoconseil@protonmail.com<\/li>\n\n\n\n<li><strong>Tel <\/strong> + 33 6 01 75 96 65- +33 4 67 44 13 21 <\/li>\n<\/ul>\n<\/li>\n<\/ul>\n\n\n\n<div class=\"wp-block-columns is-layout-flex wp-container-core-columns-is-layout-9d6595d7 wp-block-columns-is-layout-flex\">\n<div class=\"wp-block-column is-layout-flow wp-block-column-is-layout-flow\" style=\"flex-basis:100%\">\n<p class=\"has-colibri-color-1-color has-text-color has-link-color wp-elements-094007ea212851764cf17b2471451d51\"><strong>LANGUEDOC-ROUSSILLON (Occitanie) &amp; MIDI PYRENEES<\/strong><\/p>\n<\/div>\n<\/div>\n\n\n\n<ul class=\"wp-block-list\">\n<li><strong>SINGLA Laure<\/strong>, membre fondateur, Pr\u00e9sidente d&rsquo;honneur (Secteur H\u00e9rault, Gard, Aude, Pyr\u00e9n\u00e9es Orientales, Hautes-pyr\u00e9n\u00e9es, Toulouse, Tarn)\n<ul class=\"wp-block-list\">\n<li><strong>Contact <\/strong>: cabinetjurisecoconseil@protonmail.com <\/li>\n\n\n\n<li><strong>Tel <\/strong>+33 6 01 75 96 65 &#8211; +33 4 67 44 13 21 <\/li>\n<\/ul>\n<\/li>\n<\/ul>\n\n\n\n<ul class=\"wp-block-list\">\n<li><\/li>\n<\/ul>\n\n\n\n<div class=\"wp-block-columns is-layout-flex wp-container-core-columns-is-layout-9d6595d7 wp-block-columns-is-layout-flex\">\n<div class=\"wp-block-column is-layout-flow wp-block-column-is-layout-flow\" style=\"flex-basis:100%\">\n<p class=\"has-colibri-color-1-color has-text-color has-link-color wp-elements-c43c11517dec048bfdc62cc1bc30f2bc\"><strong>LIMOUSIN<\/strong><\/p>\n<\/div>\n<\/div>\n\n\n\n<ul class=\"wp-block-list\">\n<li><strong>LINYER Hugues<\/strong> adh\u00e9rent\n<ul class=\"wp-block-list\">\n<li><strong>Contact :<\/strong> hugues@123mediation.fr<\/li>\n\n\n\n<li><strong>Tel<\/strong> +33 5 46 09 13 02 ou 6 83 69 11 71\u00a0<\/li>\n<\/ul>\n<\/li>\n<\/ul>\n\n\n\n<p><\/p>\n\n\n\n<div class=\"wp-block-columns is-layout-flex wp-container-core-columns-is-layout-9d6595d7 wp-block-columns-is-layout-flex\">\n<div class=\"wp-block-column is-layout-flow wp-block-column-is-layout-flow\" style=\"flex-basis:100%\">\n<p class=\"has-colibri-color-1-color has-text-color has-link-color wp-elements-efbb043066a5bd83223eb7c7b19f2d60\"><strong>LORRAINE <\/strong><\/p>\n<\/div>\n<\/div>\n\n\n\n<ul class=\"wp-block-list\">\n<li><strong>MEYER Bernard<\/strong>, pr\u00e9sident, membre fondateur\n<ul class=\"wp-block-list\">\n<li><strong>Contact<\/strong> : b.meyer@aej-mediation.fr <strong> <\/strong><\/li>\n\n\n\n<li><strong>Tel <\/strong>+33 6 82 57 37 55<\/li>\n<\/ul>\n<\/li>\n<\/ul>\n\n\n\n<p class=\"has-colibri-color-1-color has-text-color has-link-color wp-elements-546412644c00067426313d8a50d28fe6\"><strong>MARTINIQUE <\/strong><\/p>\n\n\n\n<p><\/p>\n\n\n\n<div class=\"wp-block-columns is-layout-flex wp-container-core-columns-is-layout-9d6595d7 wp-block-columns-is-layout-flex\">\n<div class=\"wp-block-column is-layout-flow wp-block-column-is-layout-flow\" style=\"flex-basis:100%\">\n<p class=\"has-colibri-color-1-color has-text-color has-link-color wp-elements-57720ddd79a8e0d71561229788d1117e\"><strong>MAYOTTE <\/strong><\/p>\n<\/div>\n<\/div>\n\n\n\n<ul class=\"wp-block-list\">\n<li><strong>SINGLA Laure<\/strong> pr\u00e9sidente d&rsquo;honneur \n<ul class=\"wp-block-list\">\n<li><strong>Contact : <\/strong>cabinetjurisecoconseil@protonmail.com<\/li>\n\n\n\n<li><strong>Tel <\/strong> + 33 6 01 75 96 65- +33 4 67 44 13 21 <\/li>\n<\/ul>\n<\/li>\n<\/ul>\n\n\n\n<div class=\"wp-block-columns is-layout-flex wp-container-core-columns-is-layout-9d6595d7 wp-block-columns-is-layout-flex\">\n<div class=\"wp-block-column is-layout-flow wp-block-column-is-layout-flow\" style=\"flex-basis:100%\">\n<p class=\"has-colibri-color-1-color has-text-color has-link-color wp-elements-d08502f199a4165de7dccd9391a7fe5f\"><strong>NORD-PAS-DE-CALAIS <\/strong><\/p>\n<\/div>\n<\/div>\n\n\n\n<ul class=\"wp-block-list\">\n<li><strong>DEREUX Michael <\/strong>adh\u00e9rent \n<ul class=\"wp-block-list\">\n<li><strong>Contact : <\/strong>michael.dereux@nordnet.fr<\/li>\n\n\n\n<li><strong>T\u00e9l           <\/strong>(33) 0 609 643 441<\/li>\n<\/ul>\n<\/li>\n<\/ul>\n\n\n\n<div class=\"wp-block-columns is-layout-flex wp-container-core-columns-is-layout-9d6595d7 wp-block-columns-is-layout-flex\">\n<div class=\"wp-block-column is-layout-flow wp-block-column-is-layout-flow\" style=\"flex-basis:100%\">\n<p class=\"has-colibri-color-1-color has-text-color has-link-color wp-elements-f5b2859c5b195523833fd3c09d17dd62\"><\/p>\n<\/div>\n<\/div>\n\n\n\n<div class=\"wp-block-columns is-layout-flex wp-container-core-columns-is-layout-9d6595d7 wp-block-columns-is-layout-flex\">\n<div class=\"wp-block-column is-layout-flow wp-block-column-is-layout-flow\" style=\"flex-basis:100%\">\n<p class=\"has-colibri-color-1-color has-text-color has-link-color wp-elements-fea95ca255923c0a3466f44d9a695d4b\"><strong>NOUVELLE-AQUITAINE<\/strong><\/p>\n<\/div>\n<\/div>\n\n\n\n<ul class=\"wp-block-list\">\n<li><strong>LINYER Hugues <\/strong>adh\u00e9rent\n<ul class=\"wp-block-list\">\n<li><strong>Contact  : <\/strong> hugues@123mediation.fr <strong> <\/strong><\/li>\n\n\n\n<li><strong>Tel <\/strong> +33 5 46 09 13 02 ou 6 83 69 11 71\u00a0<\/li>\n<\/ul>\n<\/li>\n<\/ul>\n\n\n\n<div class=\"wp-block-columns is-layout-flex wp-container-core-columns-is-layout-9d6595d7 wp-block-columns-is-layout-flex\">\n<div class=\"wp-block-column is-layout-flow wp-block-column-is-layout-flow\" style=\"flex-basis:100%\">\n<p class=\"has-colibri-color-1-color has-text-color has-link-color wp-elements-2e8a319eb8e2f11933a3e7e944c772e3\"><strong>PAYS DE LA LOIRE <\/strong><\/p>\n<\/div>\n<\/div>\n\n\n\n<ul class=\"wp-block-list\">\n<li><strong>LINYER Hugues<\/strong> adh\u00e9rent\n<ul class=\"wp-block-list\">\n<li><strong>Contact  : <\/strong> hugues@123mediation.fr <strong> <\/strong><\/li>\n\n\n\n<li><strong>Tel <\/strong> =33 5 46 09 13 02 ou 6 83 69 11 71\u00a0<\/li>\n<\/ul>\n<\/li>\n<\/ul>\n\n\n\n<div class=\"wp-block-columns is-layout-flex wp-container-core-columns-is-layout-9d6595d7 wp-block-columns-is-layout-flex\">\n<div class=\"wp-block-column is-layout-flow wp-block-column-is-layout-flow\" style=\"flex-basis:100%\">\n<p class=\"has-colibri-color-1-color has-text-color has-link-color wp-elements-7864a6a89ca94bf53303b600a4c39167\"><strong>PICARDIE <\/strong><\/p>\n<\/div>\n<\/div>\n\n\n\n<ul class=\"wp-block-list\">\n<li><strong>BEHETS Jean-Bernard,<\/strong> membre fondateur \n<ul class=\"wp-block-list\">\n<li><strong>Contact<\/strong> : jean-bernard.behets@wanadoo.fr <\/li>\n\n\n\n<li><strong>Tel :<\/strong><\/li>\n<\/ul>\n<\/li>\n<\/ul>\n\n\n\n<div class=\"wp-block-columns is-layout-flex wp-container-core-columns-is-layout-9d6595d7 wp-block-columns-is-layout-flex\">\n<div class=\"wp-block-column is-layout-flow wp-block-column-is-layout-flow\" style=\"flex-basis:100%\">\n<p class=\"has-colibri-color-1-color has-text-color has-link-color wp-elements-476247c889be252aa8a27d7f33951d56\"><strong>POITOU-CHARENTES<\/strong> <\/p>\n<\/div>\n<\/div>\n\n\n\n<ul class=\"wp-block-list\">\n<li><strong>LINYER Hugues<\/strong> adh\u00e9rent\n<ul class=\"wp-block-list\">\n<li><strong>Contact :<\/strong> hugues@123mediation.fr<\/li>\n\n\n\n<li><strong>Tel <\/strong>+33 5 46 09 13 02 ou 6 83 69 11 71\u00a0<\/li>\n<\/ul>\n<\/li>\n<\/ul>\n\n\n\n<div class=\"wp-block-columns is-layout-flex wp-container-core-columns-is-layout-9d6595d7 wp-block-columns-is-layout-flex\">\n<div class=\"wp-block-column is-layout-flow wp-block-column-is-layout-flow\" style=\"flex-basis:100%\">\n<p class=\"has-colibri-color-1-color has-text-color has-link-color wp-elements-f160f482c4b87b6b5a78d01c2269992a\"><strong>PROVENCE-ALPES-COTE D&rsquo;AZUR,RHONE-ALPES<\/strong><\/p>\n<\/div>\n<\/div>\n\n\n\n<ul class=\"wp-block-list\">\n<li><strong>PENARD Carole <\/strong>adh\u00e9rent\n<ul class=\"wp-block-list\">\n<li><strong>Contact <\/strong>: cabinet.penard@cpenard.fr<\/li>\n\n\n\n<li><strong>Tel <\/strong> +33 6 15 57 54 24<\/li>\n<\/ul>\n<\/li>\n\n\n\n<li><strong>MELICH Sophie, <\/strong>membre fondateur, secr\u00e9taire  \n<ul class=\"wp-block-list\">\n<li><strong>Contact : <\/strong>sophie.melich.mediateur@gmail.com <\/li>\n\n\n\n<li><strong>Tel <\/strong>: +33 6 27 07 12 52 <\/li>\n<\/ul>\n<\/li>\n<\/ul>\n\n\n\n<p><\/p>\n\n\n\n<div class=\"wp-block-columns is-layout-flex wp-container-core-columns-is-layout-9d6595d7 wp-block-columns-is-layout-flex\">\n<div class=\"wp-block-column is-layout-flow wp-block-column-is-layout-flow\" style=\"flex-basis:100%\">\n<p class=\"has-text-align-left has-colibri-color-1-color has-text-color has-link-color wp-elements-813ff689766bace8451da8b75a141d22\"><strong>POLYNESIE FRANCAISE (Tahiti\/Marquises)- NOUVELLE CALEDONIE<\/strong> <strong> <\/strong><\/p>\n<\/div>\n<\/div>\n\n\n\n<ul class=\"wp-block-list\">\n<li><strong>SINGLA Laure, <\/strong>Pr\u00e9sidente d&rsquo;honneur, membre fondateur\n<ul class=\"wp-block-list\">\n<li><strong>Contact : <\/strong>cabinetjurisecoconseil@protonmail.com<\/li>\n\n\n\n<li><strong>Tel <\/strong> + 33 6 01 75 96 65- +33 4 67 44 13 21 <\/li>\n<\/ul>\n<\/li>\n<\/ul>\n\n\n\n<p><\/p>\n\n\n\n<p class=\"has-colibri-color-1-color has-text-color has-link-color wp-elements-f5b2859c5b195523833fd3c09d17dd62\"><\/p>\n\n\n\n<p class=\"has-colibri-color-3-color has-text-color has-link-color wp-elements-e4d6d9ac4750e7795d9ae7c8f0759e87\"><\/p>\n","protected":false},"excerpt":{"rendered":"<p>EUROPE SUISSE METROPOLE &amp; OUTREMER ALSACE AQUITAINE AUVERGNE-RHONE ALPES BASSE NORMANDIE et HAUTE NORMANDIE BOURGOGNE &amp; FRANCHE-COMTE BRETAGNE CENTRE CHAMPAGNE-ARDENNES CORSE FRANCHE-COMTE GRAND EST GUADELOUPE GUYANE HAUTS-DE-FRANCE &#8211; PARIS LA REUNION LANGUEDOC-ROUSSILLON (Occitanie) &amp; MIDI PYRENEES LIMOUSIN LORRAINE MARTINIQUE MAYOTTE NORD-PAS-DE-CALAIS NOUVELLE-AQUITAINE PAYS DE LA LOIRE PICARDIE POITOU-CHARENTES PROVENCE-ALPES-COTE D&rsquo;AZUR,RHONE-ALPES POLYNESIE FRANCAISE (Tahiti\/Marquises)- NOUVELLE CALEDONIE<\/p>\n","protected":false},"author":1,"featured_media":0,"parent":0,"menu_order":0,"comment_status":"closed","ping_status":"closed","template":"","meta":{"footnotes":""},"class_list":["post-660","page","type-page","status-publish","hentry"],"_links":{"self":[{"href":"https:\/\/cercledesmediateursenvironnementauxetadministratifs.fr\/index.php?rest_route=\/wp\/v2\/pages\/660","targetHints":{"allow":["GET"]}}],"collection":[{"href":"https:\/\/cercledesmediateursenvironnementauxetadministratifs.fr\/index.php?rest_route=\/wp\/v2\/pages"}],"about":[{"href":"https:\/\/cercledesmediateursenvironnementauxetadministratifs.fr\/index.php?rest_route=\/wp\/v2\/types\/page"}],"author":[{"embeddable":true,"href":"https:\/\/cercledesmediateursenvironnementauxetadministratifs.fr\/index.php?rest_route=\/wp\/v2\/users\/1"}],"replies":[{"embeddable":true,"href":"https:\/\/cercledesmediateursenvironnementauxetadministratifs.fr\/index.php?rest_route=%2Fwp%2Fv2%2Fcomments&post=660"}],"version-history":[{"count":30,"href":"https:\/\/cercledesmediateursenvironnementauxetadministratifs.fr\/index.php?rest_route=\/wp\/v2\/pages\/660\/revisions"}],"predecessor-version":[{"id":817,"href":"https:\/\/cercledesmediateursenvironnementauxetadministratifs.fr\/index.php?rest_route=\/wp\/v2\/pages\/660\/revisions\/817"}],"wp:attachment":[{"href":"https:\/\/cercledesmediateursenvironnementauxetadministratifs.fr\/index.php?rest_route=%2Fwp%2Fv2%2Fmedia&parent=660"}],"curies":[{"name":"wp","href":"https:\/\/api.w.org\/{rel}","templated":true}]}}